{"id":1737,"date":"2022-05-23T12:51:38","date_gmt":"2022-05-23T10:51:38","guid":{"rendered":"https:\/\/lespetitspapotent.com\/?page_id=1737"},"modified":"2022-05-31T12:17:00","modified_gmt":"2022-05-31T10:17:00","slug":"les-prochains-cycles","status":"publish","type":"page","link":"https:\/\/lespetitspapotent.com\/index.php\/les-prochains-cycles\/","title":{"rendered":"Les prochains cycles"},"content":{"rendered":"\t\t<div data-elementor-type=\"wp-page\" data-elementor-id=\"1737\" class=\"elementor elementor-1737\">\n\t\t\t\t\t\t\t\t\t<section class=\"elementor-section elementor-top-section elementor-element elementor-element-1de344a2 elementor-section-boxed elementor-section-height-default elementor-section-height-default\" data-id=\"1de344a2\" data-element_type=\"section\">\n\t\t\t\t\t\t<div class=\"elementor-container elementor-column-gap-default\">\n\t\t\t\t\t<div class=\"elementor-column elementor-col-100 elementor-top-column elementor-element elementor-element-55769e23\" data-id=\"55769e23\" data-element_type=\"column\">\n\t\t\t<div class=\"elementor-widget-wrap elementor-element-populated\">\n\t\t\t\t\t\t\t\t<div class=\"elementor-element elementor-element-6e9899b6 elementor-widget__width-auto elementor-widget elementor-widget-spacer\" data-id=\"6e9899b6\" data-element_type=\"widget\" data-widget_type=\"spacer.default\">\n\t\t\t\t<div class=\"elementor-widget-container\">\n\t\t\t<style>\/*! elementor - v3.6.5 - 27-04-2022 *\/\n.e-container.e-container--row .elementor-spacer-inner{width:var(--spacer-size)}.e-container.e-container--column .elementor-spacer-inner,.elementor-column .elementor-spacer-inner{height:var(--spacer-size)}<\/style>\t\t<div class=\"elementor-spacer\">\n\t\t\t<div class=\"elementor-spacer-inner\"><\/div>\n\t\t<\/div>\n\t\t\t\t<\/div>\n\t\t\t\t<\/div>\n\t\t\t\t\t<\/div>\n\t\t<\/div>\n\t\t\t\t\t\t\t<\/div>\n\t\t<\/section>\n\t\t\t\t<section class=\"elementor-section elementor-top-section elementor-element elementor-element-afff6ee elementor-section-boxed elementor-section-height-default elementor-section-height-default\" data-id=\"afff6ee\" data-element_type=\"section\">\n\t\t\t\t\t\t<div class=\"elementor-container elementor-column-gap-default\">\n\t\t\t\t\t<div class=\"elementor-column elementor-col-100 elementor-top-column elementor-element elementor-element-a9d195a\" data-id=\"a9d195a\" data-element_type=\"column\">\n\t\t\t<div class=\"elementor-widget-wrap elementor-element-populated\">\n\t\t\t\t\t\t\t\t<div class=\"elementor-element elementor-element-ffcd5b7 elementor-widget elementor-widget-heading\" data-id=\"ffcd5b7\" data-element_type=\"widget\" data-widget_type=\"heading.default\">\n\t\t\t\t<div class=\"elementor-widget-container\">\n\t\t\t<style>\/*! elementor - v3.6.5 - 27-04-2022 *\/\n.elementor-heading-title{padding:0;margin:0;line-height:1}.elementor-widget-heading .elementor-heading-title[class*=elementor-size-]>a{color:inherit;font-size:inherit;line-height:inherit}.elementor-widget-heading .elementor-heading-title.elementor-size-small{font-size:15px}.elementor-widget-heading .elementor-heading-title.elementor-size-medium{font-size:19px}.elementor-widget-heading .elementor-heading-title.elementor-size-large{font-size:29px}.elementor-widget-heading .elementor-heading-title.elementor-size-xl{font-size:39px}.elementor-widget-heading .elementor-heading-title.elementor-size-xxl{font-size:59px}<\/style><h2 class=\"elementor-heading-title elementor-size-default\">La vie et l'univers de b\u00e9b\u00e9<\/h2>\t\t<\/div>\n\t\t\t\t<\/div>\n\t\t\t\t<div class=\"elementor-element elementor-element-bd4097f elementor-widget-divider--view-line elementor-widget elementor-widget-divider\" data-id=\"bd4097f\" data-element_type=\"widget\" data-widget_type=\"divider.default\">\n\t\t\t\t<div class=\"elementor-widget-container\">\n\t\t\t<style>\/*! elementor - v3.6.5 - 27-04-2022 *\/\n.elementor-widget-divider{--divider-border-style:none;--divider-border-width:1px;--divider-color:#2c2c2c;--divider-icon-size:20px;--divider-element-spacing:10px;--divider-pattern-height:24px;--divider-pattern-size:20px;--divider-pattern-url:none;--divider-pattern-repeat:repeat-x}.elementor-widget-divider .elementor-divider{display:-webkit-box;display:-ms-flexbox;display:flex}.elementor-widget-divider .elementor-divider__text{font-size:15px;line-height:1;max-width:95%}.elementor-widget-divider .elementor-divider__element{margin:0 var(--divider-element-spacing);-ms-flex-negative:0;flex-shrink:0}.elementor-widget-divider .elementor-icon{font-size:var(--divider-icon-size)}.elementor-widget-divider .elementor-divider-separator{display:-webkit-box;display:-ms-flexbox;display:flex;margin:0;direction:ltr}.elementor-widget-divider--view-line_icon .elementor-divider-separator,.elementor-widget-divider--view-line_text .elementor-divider-separator{-webkit-box-align:center;-ms-flex-align:center;align-items:center}.elementor-widget-divider--view-line_icon .elementor-divider-separator:after,.elementor-widget-divider--view-line_icon .elementor-divider-separator:before,.elementor-widget-divider--view-line_text .elementor-divider-separator:after,.elementor-widget-divider--view-line_text .elementor-divider-separator:before{display:block;content:\"\";border-bottom:0;-webkit-box-flex:1;-ms-flex-positive:1;flex-grow:1;border-top:var(--divider-border-width) var(--divider-border-style) var(--divider-color)}.elementor-widget-divider--element-align-left .elementor-divider .elementor-divider-separator>.elementor-divider__svg:first-of-type{-webkit-box-flex:0;-ms-flex-positive:0;flex-grow:0;-ms-flex-negative:100;flex-shrink:100}.elementor-widget-divider--element-align-left .elementor-divider-separator:before{content:none}.elementor-widget-divider--element-align-left .elementor-divider__element{margin-left:0}.elementor-widget-divider--element-align-right .elementor-divider .elementor-divider-separator>.elementor-divider__svg:last-of-type{-webkit-box-flex:0;-ms-flex-positive:0;flex-grow:0;-ms-flex-negative:100;flex-shrink:100}.elementor-widget-divider--element-align-right .elementor-divider-separator:after{content:none}.elementor-widget-divider--element-align-right .elementor-divider__element{margin-right:0}.elementor-widget-divider:not(.elementor-widget-divider--view-line_text):not(.elementor-widget-divider--view-line_icon) .elementor-divider-separator{border-top:var(--divider-border-width) var(--divider-border-style) var(--divider-color)}.elementor-widget-divider--separator-type-pattern{--divider-border-style:none}.elementor-widget-divider--separator-type-pattern.elementor-widget-divider--view-line .elementor-divider-separator,.elementor-widget-divider--separator-type-pattern:not(.elementor-widget-divider--view-line) .elementor-divider-separator:after,.elementor-widget-divider--separator-type-pattern:not(.elementor-widget-divider--view-line) .elementor-divider-separator:before,.elementor-widget-divider--separator-type-pattern:not([class*=elementor-widget-divider--view]) .elementor-divider-separator{width:100%;min-height:var(--divider-pattern-height);-webkit-mask-size:var(--divider-pattern-size) 100%;mask-size:var(--divider-pattern-size) 100%;-webkit-mask-repeat:var(--divider-pattern-repeat);mask-repeat:var(--divider-pattern-repeat);background-color:var(--divider-color);-webkit-mask-image:var(--divider-pattern-url);mask-image:var(--divider-pattern-url)}.elementor-widget-divider--no-spacing{--divider-pattern-size:auto}.elementor-widget-divider--bg-round{--divider-pattern-repeat:round}.rtl .elementor-widget-divider .elementor-divider__text{direction:rtl}<\/style>\t\t<div class=\"elementor-divider\">\n\t\t\t<span class=\"elementor-divider-separator\">\n\t\t\t\t\t\t<\/span>\n\t\t<\/div>\n\t\t\t\t<\/div>\n\t\t\t\t<\/div>\n\t\t\t\t\t<\/div>\n\t\t<\/div>\n\t\t\t\t\t\t\t<\/div>\n\t\t<\/section>\n\t\t\t\t<section class=\"elementor-section elementor-top-section elementor-element elementor-element-ce39072 elementor-section-boxed elementor-section-height-default elementor-section-height-default\" data-id=\"ce39072\" data-element_type=\"section\">\n\t\t\t\t\t\t<div class=\"elementor-container elementor-column-gap-default\">\n\t\t\t\t\t<div class=\"elementor-column elementor-col-33 elementor-top-column elementor-element elementor-element-9152698\" data-id=\"9152698\" data-element_type=\"column\">\n\t\t\t<div class=\"elementor-widget-wrap elementor-element-populated\">\n\t\t\t\t\t\t\t\t<div class=\"elementor-element elementor-element-4691a8e elementor-widget elementor-widget-image\" data-id=\"4691a8e\" data-element_type=\"widget\" data-widget_type=\"image.default\">\n\t\t\t\t<div class=\"elementor-widget-container\">\n\t\t\t<style>\/*! elementor - v3.6.5 - 27-04-2022 *\/\n.elementor-widget-image{text-align:center}.elementor-widget-image a{display:inline-block}.elementor-widget-image a img[src$=\".svg\"]{width:48px}.elementor-widget-image img{vertical-align:middle;display:inline-block}<\/style>\t\t\t\t\t\t\t\t\t\t\t\t<img loading=\"lazy\" decoding=\"async\" width=\"1000\" height=\"1019\" src=\"https:\/\/lespetitspapotent.com\/wp-content\/uploads\/2022\/05\/La-vie-de-bebe.jpg\" class=\"attachment-large size-large\" alt=\"\" srcset=\"https:\/\/lespetitspapotent.com\/wp-content\/uploads\/2022\/05\/La-vie-de-bebe.jpg 1000w, https:\/\/lespetitspapotent.com\/wp-content\/uploads\/2022\/05\/La-vie-de-bebe-294x300.jpg 294w, https:\/\/lespetitspapotent.com\/wp-content\/uploads\/2022\/05\/La-vie-de-bebe-768x783.jpg 768w\" sizes=\"(max-width: 1000px) 100vw, 1000px\" \/>\t\t\t\t\t\t\t\t\t\t\t\t\t\t\t<\/div>\n\t\t\t\t<\/div>\n\t\t\t\t\t<\/div>\n\t\t<\/div>\n\t\t\t\t<div class=\"elementor-column elementor-col-33 elementor-top-column elementor-element elementor-element-d044cf1\" data-id=\"d044cf1\" data-element_type=\"column\">\n\t\t\t<div class=\"elementor-widget-wrap elementor-element-populated\">\n\t\t\t\t\t\t\t\t<div class=\"elementor-element elementor-element-47cd537 elementor-widget elementor-widget-image\" data-id=\"47cd537\" data-element_type=\"widget\" data-widget_type=\"image.default\">\n\t\t\t\t<div class=\"elementor-widget-container\">\n\t\t\t\t\t\t\t\t\t\t\t\t\t\t\t<img loading=\"lazy\" decoding=\"async\" width=\"1000\" height=\"1000\" src=\"https:\/\/lespetitspapotent.com\/wp-content\/uploads\/2022\/05\/Lhygiene-et-les-vetements.jpg\" class=\"attachment-large size-large\" alt=\"\" srcset=\"https:\/\/lespetitspapotent.com\/wp-content\/uploads\/2022\/05\/Lhygiene-et-les-vetements.jpg 1000w, https:\/\/lespetitspapotent.com\/wp-content\/uploads\/2022\/05\/Lhygiene-et-les-vetements-300x300.jpg 300w, https:\/\/lespetitspapotent.com\/wp-content\/uploads\/2022\/05\/Lhygiene-et-les-vetements-150x150.jpg 150w, https:\/\/lespetitspapotent.com\/wp-content\/uploads\/2022\/05\/Lhygiene-et-les-vetements-768x768.jpg 768w\" sizes=\"(max-width: 1000px) 100vw, 1000px\" \/>\t\t\t\t\t\t\t\t\t\t\t\t\t\t\t<\/div>\n\t\t\t\t<\/div>\n\t\t\t\t\t<\/div>\n\t\t<\/div>\n\t\t\t\t<div class=\"elementor-column elementor-col-33 elementor-top-column elementor-element elementor-element-bb4da5f\" data-id=\"bb4da5f\" data-element_type=\"column\">\n\t\t\t<div class=\"elementor-widget-wrap elementor-element-populated\">\n\t\t\t\t\t\t\t\t<div class=\"elementor-element elementor-element-d0167f6 elementor-widget elementor-widget-image\" data-id=\"d0167f6\" data-element_type=\"widget\" data-widget_type=\"image.default\">\n\t\t\t\t<div class=\"elementor-widget-container\">\n\t\t\t\t\t\t\t\t\t\t\t\t\t\t\t<img loading=\"lazy\" decoding=\"async\" width=\"1000\" height=\"1000\" src=\"https:\/\/lespetitspapotent.com\/wp-content\/uploads\/2022\/05\/Lentourage-de-bebe-et-lalimentation.jpg\" class=\"attachment-large size-large\" alt=\"\" srcset=\"https:\/\/lespetitspapotent.com\/wp-content\/uploads\/2022\/05\/Lentourage-de-bebe-et-lalimentation.jpg 1000w, https:\/\/lespetitspapotent.com\/wp-content\/uploads\/2022\/05\/Lentourage-de-bebe-et-lalimentation-300x300.jpg 300w, https:\/\/lespetitspapotent.com\/wp-content\/uploads\/2022\/05\/Lentourage-de-bebe-et-lalimentation-150x150.jpg 150w, https:\/\/lespetitspapotent.com\/wp-content\/uploads\/2022\/05\/Lentourage-de-bebe-et-lalimentation-768x768.jpg 768w\" sizes=\"(max-width: 1000px) 100vw, 1000px\" \/>\t\t\t\t\t\t\t\t\t\t\t\t\t\t\t<\/div>\n\t\t\t\t<\/div>\n\t\t\t\t\t<\/div>\n\t\t<\/div>\n\t\t\t\t\t\t\t<\/div>\n\t\t<\/section>\n\t\t\t\t<section class=\"elementor-section elementor-top-section elementor-element elementor-element-3675d3a elementor-section-boxed elementor-section-height-default elementor-section-height-default\" data-id=\"3675d3a\" data-element_type=\"section\">\n\t\t\t\t\t\t<div class=\"elementor-container elementor-column-gap-default\">\n\t\t\t\t\t<div class=\"elementor-column elementor-col-33 elementor-top-column elementor-element elementor-element-92d8587\" data-id=\"92d8587\" data-element_type=\"column\">\n\t\t\t<div class=\"elementor-widget-wrap elementor-element-populated\">\n\t\t\t\t\t\t\t\t<div class=\"elementor-element elementor-element-91d8f1b elementor-widget elementor-widget-text-editor\" data-id=\"91d8f1b\" data-element_type=\"widget\" data-widget_type=\"text-editor.default\">\n\t\t\t\t<div class=\"elementor-widget-container\">\n\t\t\t<style>\/*! elementor - v3.6.5 - 27-04-2022 *\/\n.elementor-widget-text-editor.elementor-drop-cap-view-stacked .elementor-drop-cap{background-color:#818a91;color:#fff}.elementor-widget-text-editor.elementor-drop-cap-view-framed .elementor-drop-cap{color:#818a91;border:3px solid;background-color:transparent}.elementor-widget-text-editor:not(.elementor-drop-cap-view-default) .elementor-drop-cap{margin-top:8px}.elementor-widget-text-editor:not(.elementor-drop-cap-view-default) .elementor-drop-cap-letter{width:1em;height:1em}.elementor-widget-text-editor .elementor-drop-cap{float:left;text-align:center;line-height:1;font-size:50px}.elementor-widget-text-editor .elementor-drop-cap-letter{display:inline-block}<\/style>\t\t\t\t<div>\n\n<u><a href=\"https:\/\/lespetitspapotent.com\/index.php\/contact\/?type=Atelier N\u00b01 : L\u2019hygi\u00e8ne et les v\u00eatements\"><strong>1- LA VIE DE BEBE :<\/strong><\/a><\/u>\n<p class=\"v1MsoNormal\">Un atelier ludique pour d\u00e9couvrir les signes associ\u00e9s \u00e0 la parole et apprendre les 20 premiers signes de la vie de b\u00e9b\u00e9.<\/p>\n\n<\/div>\t\t\t\t\t\t<\/div>\n\t\t\t\t<\/div>\n\t\t\t\t\t<\/div>\n\t\t<\/div>\n\t\t\t\t<div class=\"elementor-column elementor-col-33 elementor-top-column elementor-element elementor-element-87581e4\" data-id=\"87581e4\" data-element_type=\"column\">\n\t\t\t<div class=\"elementor-widget-wrap elementor-element-populated\">\n\t\t\t\t\t\t\t\t<div class=\"elementor-element elementor-element-bdc6e4f elementor-widget elementor-widget-text-editor\" data-id=\"bdc6e4f\" data-element_type=\"widget\" data-widget_type=\"text-editor.default\">\n\t\t\t\t<div class=\"elementor-widget-container\">\n\t\t\t\t\t\t\t<div><div><u><a href=\"https:\/\/lespetitspapotent.com\/index.php\/contact\/?type=Atelier%20N%C2%B02%20:%20La%20vie%20de%20b%C3%A9b%C3%A9\"><strong>2- L&rsquo;HYGIENE ET LES VETEMENTS :<\/strong><\/a><\/u><\/div><div>D\u00e9couvrez les signes qui accompagnent votre enfants lors des soins, de l&rsquo;habillage \u00e0 travers des jeux et des comptines.<\/div><\/div>\t\t\t\t\t\t<\/div>\n\t\t\t\t<\/div>\n\t\t\t\t\t<\/div>\n\t\t<\/div>\n\t\t\t\t<div class=\"elementor-column elementor-col-33 elementor-top-column elementor-element elementor-element-b6cfc94\" data-id=\"b6cfc94\" data-element_type=\"column\">\n\t\t\t<div class=\"elementor-widget-wrap elementor-element-populated\">\n\t\t\t\t\t\t\t\t<div class=\"elementor-element elementor-element-35512e7 elementor-widget elementor-widget-text-editor\" data-id=\"35512e7\" data-element_type=\"widget\" data-widget_type=\"text-editor.default\">\n\t\t\t\t<div class=\"elementor-widget-container\">\n\t\t\t\t\t\t\t<p><u><a href=\"https:\/\/lespetitspapotent.com\/index.php\/contact\/?type=Atelier%20N%C2%B03%20:%20L%E2%80%99entourage%20de%20b%C3%A9b%C3%A9%20et%20l%E2%80%99alimentation\"><strong>3- L&rsquo;ENTOURAGE ET L&rsquo;ALIMENTATION :<\/strong><\/a><\/u><\/p><p>D\u00e9couvrez les signes de la famille, des aliments&#8230; pour accompagner votre enfant dans sa d\u00e9couverte de la vie quotidienne.<\/p>\t\t\t\t\t\t<\/div>\n\t\t\t\t<\/div>\n\t\t\t\t\t<\/div>\n\t\t<\/div>\n\t\t\t\t\t\t\t<\/div>\n\t\t<\/section>\n\t\t\t\t<section class=\"elementor-section elementor-top-section elementor-element elementor-element-14f4eca elementor-section-boxed elementor-section-height-default elementor-section-height-default\" data-id=\"14f4eca\" data-element_type=\"section\">\n\t\t\t\t\t\t<div class=\"elementor-container elementor-column-gap-default\">\n\t\t\t\t\t<div class=\"elementor-column elementor-col-33 elementor-top-column elementor-element elementor-element-2b7e658\" data-id=\"2b7e658\" data-element_type=\"column\">\n\t\t\t<div class=\"elementor-widget-wrap elementor-element-populated\">\n\t\t\t\t\t\t\t\t<div class=\"elementor-element elementor-element-5fa57df elementor-widget elementor-widget-image\" data-id=\"5fa57df\" data-element_type=\"widget\" data-widget_type=\"image.default\">\n\t\t\t\t<div class=\"elementor-widget-container\">\n\t\t\t\t\t\t\t\t\t\t\t\t\t\t\t<img loading=\"lazy\" decoding=\"async\" width=\"1000\" height=\"1000\" src=\"https:\/\/lespetitspapotent.com\/wp-content\/uploads\/2022\/05\/Les-activites-et-les-jouets.jpg\" class=\"attachment-large size-large\" alt=\"\" srcset=\"https:\/\/lespetitspapotent.com\/wp-content\/uploads\/2022\/05\/Les-activites-et-les-jouets.jpg 1000w, https:\/\/lespetitspapotent.com\/wp-content\/uploads\/2022\/05\/Les-activites-et-les-jouets-300x300.jpg 300w, https:\/\/lespetitspapotent.com\/wp-content\/uploads\/2022\/05\/Les-activites-et-les-jouets-150x150.jpg 150w, https:\/\/lespetitspapotent.com\/wp-content\/uploads\/2022\/05\/Les-activites-et-les-jouets-768x768.jpg 768w\" sizes=\"(max-width: 1000px) 100vw, 1000px\" \/>\t\t\t\t\t\t\t\t\t\t\t\t\t\t\t<\/div>\n\t\t\t\t<\/div>\n\t\t\t\t\t<\/div>\n\t\t<\/div>\n\t\t\t\t<div class=\"elementor-column elementor-col-33 elementor-top-column elementor-element elementor-element-36f01e1\" data-id=\"36f01e1\" data-element_type=\"column\">\n\t\t\t<div class=\"elementor-widget-wrap\">\n\t\t\t\t\t\t\t\t\t<\/div>\n\t\t<\/div>\n\t\t\t\t<div class=\"elementor-column elementor-col-33 elementor-top-column elementor-element elementor-element-000c503\" data-id=\"000c503\" data-element_type=\"column\">\n\t\t\t<div class=\"elementor-widget-wrap elementor-element-populated\">\n\t\t\t\t\t\t\t\t<div class=\"elementor-element elementor-element-48957b9 elementor-widget elementor-widget-image\" data-id=\"48957b9\" data-element_type=\"widget\" data-widget_type=\"image.default\">\n\t\t\t\t<div class=\"elementor-widget-container\">\n\t\t\t\t\t\t\t\t\t\t\t\t\t\t\t<img loading=\"lazy\" decoding=\"async\" width=\"1000\" height=\"1000\" src=\"https:\/\/lespetitspapotent.com\/wp-content\/uploads\/2022\/05\/Les-emotions.jpg\" class=\"attachment-large size-large\" alt=\"\" srcset=\"https:\/\/lespetitspapotent.com\/wp-content\/uploads\/2022\/05\/Les-emotions.jpg 1000w, https:\/\/lespetitspapotent.com\/wp-content\/uploads\/2022\/05\/Les-emotions-300x300.jpg 300w, https:\/\/lespetitspapotent.com\/wp-content\/uploads\/2022\/05\/Les-emotions-150x150.jpg 150w, https:\/\/lespetitspapotent.com\/wp-content\/uploads\/2022\/05\/Les-emotions-768x768.jpg 768w\" sizes=\"(max-width: 1000px) 100vw, 1000px\" \/>\t\t\t\t\t\t\t\t\t\t\t\t\t\t\t<\/div>\n\t\t\t\t<\/div>\n\t\t\t\t\t<\/div>\n\t\t<\/div>\n\t\t\t\t\t\t\t<\/div>\n\t\t<\/section>\n\t\t\t\t<section class=\"elementor-section elementor-top-section elementor-element elementor-element-c054915 elementor-section-boxed elementor-section-height-default elementor-section-height-default\" data-id=\"c054915\" data-element_type=\"section\">\n\t\t\t\t\t\t<div class=\"elementor-container elementor-column-gap-default\">\n\t\t\t\t\t<div class=\"elementor-column elementor-col-33 elementor-top-column elementor-element elementor-element-6369589\" data-id=\"6369589\" data-element_type=\"column\">\n\t\t\t<div class=\"elementor-widget-wrap elementor-element-populated\">\n\t\t\t\t\t\t\t\t<div class=\"elementor-element elementor-element-b86d6de elementor-widget elementor-widget-text-editor\" data-id=\"b86d6de\" data-element_type=\"widget\" data-widget_type=\"text-editor.default\">\n\t\t\t\t<div class=\"elementor-widget-container\">\n\t\t\t\t\t\t\t<div><strong><u><a href=\"https:\/\/lespetitspapotent.com\/index.php\/contact\/?type=Atelier N\u00b04 : Les activit\u00e9s et les jouets\">4 &#8211; LES ACTIVITES ET LES JOUETS :<\/a><\/u><\/strong><\/div>\n<div>A travers des histoires, des comptines et des jeux de doigts d\u00e9couvrez les signes des jeux et activit\u00e9s pr\u00e9f\u00e9r\u00e9s de votre enfants.<\/div>\t\t\t\t\t\t<\/div>\n\t\t\t\t<\/div>\n\t\t\t\t\t<\/div>\n\t\t<\/div>\n\t\t\t\t<div class=\"elementor-column elementor-col-33 elementor-top-column elementor-element elementor-element-1b56617\" data-id=\"1b56617\" data-element_type=\"column\">\n\t\t\t<div class=\"elementor-widget-wrap elementor-element-populated\">\n\t\t\t\t\t\t\t\t<div class=\"elementor-element elementor-element-2aa708c elementor-align-center elementor-widget elementor-widget-button\" data-id=\"2aa708c\" data-element_type=\"widget\" data-widget_type=\"button.default\">\n\t\t\t\t<div class=\"elementor-widget-container\">\n\t\t\t\t\t<div class=\"elementor-button-wrapper\">\n\t\t\t<a href=\"https:\/\/lespetitspapotent.com\/index.php\/contact\/#contact\" class=\"elementor-button-link elementor-button elementor-size-sm\" role=\"button\">\n\t\t\t\t\t\t<span class=\"elementor-button-content-wrapper\">\n\t\t\t\t\t\t<span class=\"elementor-button-text\">CONTACT<\/span>\n\t\t<\/span>\n\t\t\t\t\t<\/a>\n\t\t<\/div>\n\t\t\t\t<\/div>\n\t\t\t\t<\/div>\n\t\t\t\t\t<\/div>\n\t\t<\/div>\n\t\t\t\t<div class=\"elementor-column elementor-col-33 elementor-top-column elementor-element elementor-element-77fb181\" data-id=\"77fb181\" data-element_type=\"column\">\n\t\t\t<div class=\"elementor-widget-wrap elementor-element-populated\">\n\t\t\t\t\t\t\t\t<div class=\"elementor-element elementor-element-2f28df4 elementor-widget elementor-widget-text-editor\" data-id=\"2f28df4\" data-element_type=\"widget\" data-widget_type=\"text-editor.default\">\n\t\t\t\t<div class=\"elementor-widget-container\">\n\t\t\t\t\t\t\t<div>\n<div>\n\n<u><strong><a href=\"https:\/\/lespetitspapotent.com\/index.php\/contact\/?type=Atelier N\u00b05 : Les \u00e9motions\"><strong>5- LES EMOTIONS :<\/strong>\n<\/a><\/u>\n\n<\/div>\nAccompagner votre enfant dans la d\u00e9couverte de ses \u00e9motions gr\u00e2ce aux signes.\n\n<\/div>\t\t\t\t\t\t<\/div>\n\t\t\t\t<\/div>\n\t\t\t\t\t<\/div>\n\t\t<\/div>\n\t\t\t\t\t\t\t<\/div>\n\t\t<\/section>\n\t\t\t\t\t\t\t<\/div>\n\t\t","protected":false},"excerpt":{"rendered":"<p>La vie et l&rsquo;univers de b\u00e9b\u00e9 1- LA VIE DE BEBE : Un atelier ludique pour d\u00e9couvrir les signes associ\u00e9s \u00e0 la parole et apprendre les 20 premiers signes de la vie de b\u00e9b\u00e9. 2- L&rsquo;HYGIENE ET LES VETEMENTS :D\u00e9couvrez les signes qui accompagnent votre enfants lors des soins, de l&rsquo;habillage \u00e0 travers des jeux &hellip;<\/p>\n<p class=\"read-more\"> <a class=\"\" href=\"https:\/\/lespetitspapotent.com\/index.php\/les-prochains-cycles\/\"> <span class=\"screen-reader-text\">Les prochains cycles<\/span> Lire la suite\u00a0\u00bb<\/a><\/p>\n","protected":false},"author":1,"featured_media":0,"parent":0,"menu_order":0,"comment_status":"closed","ping_status":"closed","template":"","meta":{"site-sidebar-layout":"no-sidebar","site-content-layout":"page-builder","ast-global-header-display":"","ast-main-header-display":"","ast-hfb-above-header-display":"","ast-hfb-below-header-display":"","ast-hfb-mobile-header-display":"","site-post-title":"disabled","ast-breadcrumbs-content":"","ast-featured-img":"disabled","footer-sml-layout":"","theme-transparent-header-meta":"","adv-header-id-meta":"","stick-header-meta":"","header-above-stick-meta":"","header-main-stick-meta":"","header-below-stick-meta":"","footnotes":""},"_links":{"self":[{"href":"https:\/\/lespetitspapotent.com\/index.php\/wp-json\/wp\/v2\/pages\/1737"}],"collection":[{"href":"https:\/\/lespetitspapotent.com\/index.php\/wp-json\/wp\/v2\/pages"}],"about":[{"href":"https:\/\/lespetitspapotent.com\/index.php\/wp-json\/wp\/v2\/types\/page"}],"author":[{"embeddable":true,"href":"https:\/\/lespetitspapotent.com\/index.php\/wp-json\/wp\/v2\/users\/1"}],"replies":[{"embeddable":true,"href":"https:\/\/lespetitspapotent.com\/index.php\/wp-json\/wp\/v2\/comments?post=1737"}],"version-history":[{"count":52,"href":"https:\/\/lespetitspapotent.com\/index.php\/wp-json\/wp\/v2\/pages\/1737\/revisions"}],"predecessor-version":[{"id":2056,"href":"https:\/\/lespetitspapotent.com\/index.php\/wp-json\/wp\/v2\/pages\/1737\/revisions\/2056"}],"wp:attachment":[{"href":"https:\/\/lespetitspapotent.com\/index.php\/wp-json\/wp\/v2\/media?parent=1737"}],"curies":[{"name":"wp","href":"https:\/\/api.w.org\/{rel}","templated":true}]}}